{"id":69626,"date":"2022-08-30T13:03:19","date_gmt":"2022-08-30T16:03:19","guid":{"rendered":"https:\/\/www.adf.org.br\/home\/medalha-milagrosa-3-copy\/"},"modified":"2022-09-27T10:26:35","modified_gmt":"2022-09-27T13:26:35","slug":"medalha-milagrosa-agradecimento","status":"publish","type":"page","link":"https:\/\/www.adf.org.br\/home\/medalha-milagrosa-agradecimento\/","title":{"rendered":"Medalha milagrosa Agradecimento"},"content":{"rendered":"\t\t<div data-elementor-type=\"wp-page\" data-elementor-id=\"69626\" class=\"elementor elementor-69626\" data-elementor-settings=\"[]\">\n\t\t\t\t\t\t<div class=\"elementor-inner\">\n\t\t\t\t\t\t\t<div class=\"elementor-section-wrap\">\n\t\t\t\t\t\t\t<section class=\"elementor-section elementor-top-section elementor-element elementor-element-97ffe08 elementor-section-boxed elementor-section-height-default elementor-section-height-default\" data-id=\"97ffe08\" data-element_type=\"section\" data-settings=\"{&quot;background_background&quot;:&quot;classic&quot;}\">\n\t\t\t\t\t\t<div class=\"elementor-container elementor-column-gap-default\">\n\t\t\t\t\t\t\t<div class=\"elementor-row\">\n\t\t\t\t\t<div class=\"elementor-column elementor-col-100 elementor-top-column elementor-element elementor-element-963aa17\" data-id=\"963aa17\" data-element_type=\"column\" data-settings=\"{&quot;background_background&quot;:&quot;classic&quot;}\">\n\t\t\t<div class=\"elementor-column-wrap elementor-element-populated\">\n\t\t\t\t\t\t\t<div class=\"elementor-widget-wrap\">\n\t\t\t\t\t\t<div class=\"elementor-element elementor-element-f8ab6c9 elementor-widget elementor-widget-shortcode\" data-id=\"f8ab6c9\" data-element_type=\"widget\" data-widget_type=\"shortcode.default\">\n\t\t\t\t<div class=\"elementor-widget-container\">\n\t\t\t<h3>Obrigado  , pela sua ajuda a essa for\u00e7a tarefa da f\u00e9.<\/h3>\t\t<div class=\"elementor-shortcode\"><\/div>\n\t\t\t\t<\/div>\n\t\t\t\t<\/div>\n\t\t\t\t<div class=\"elementor-element elementor-element-1c6b5c0 elementor-widget elementor-widget-text-editor\" data-id=\"1c6b5c0\" data-element_type=\"widget\" data-widget_type=\"text-editor.default\">\n\t\t\t\t<div class=\"elementor-widget-container\">\n\t\t\t\t\t<div class=\"elementor-text-editor elementor-clearfix\"><p><span style=\"font-weight: 400;\">Sei que os raios nas m\u00e3os de Nossa Senhora das Gra\u00e7as brilham ainda mais.\u00a0<\/span><\/p><p><strong>Gra\u00e7as a voc\u00ea, poderemos confeccionar 10 mil de Medalhas Milagrosas para distribuir pelo Brasil.<\/strong><\/p><p><span style=\"font-weight: 400;\">Seu nome j\u00e1 foi inscrito numa Missa especial desta semana e e<\/span><span style=\"font-weight: 400;\">u enviei um e-mail para voc\u00ea, com informa\u00e7\u00f5es importantes sobre a sua ajuda e tamb\u00e9m o quadrinho de Nossa Senhora das Gra\u00e7as com o texto da Consagra\u00e7\u00e3o. Verifique a caixa de entrada, spam e lixeira.<\/span><span style=\"font-weight: 400;\"><br \/><\/span><\/p><p><span style=\"font-weight: 400;\">Caso tenha feito sua ajuda via pix, n\u00e3o esque\u00e7a de enviar o comprovante no nosso whatsapp:<\/span><\/p><\/div>\n\t\t\t\t<\/div>\n\t\t\t\t<\/div>\n\t\t\t\t<div class=\"elementor-element elementor-element-ef57d41 elementor-align-center elementor-widget elementor-widget-button\" data-id=\"ef57d41\" data-element_type=\"widget\" data-widget_type=\"button.default\">\n\t\t\t\t<div class=\"elementor-widget-container\">\n\t\t\t\t\t<div class=\"elementor-button-wrapper\">\n\t\t\t<a href=\"https:\/\/api.whatsapp.com\/send?phone=5511967231000&#038;text=Ol%C3%A1,%20eu%20fiz%20minha%20doa%C3%A7%C3%A3o%20para%20o%20grupo%20Ex%C3%A9rcito%20da%20Medalha%20Milagrosa%20e%20confirmo%20minha%20participa%C3%A7%C3%A3o%20neste%20ex%C3%A9rcito.\" class=\"elementor-button-link elementor-button elementor-size-md\" role=\"button\">\n\t\t\t\t\t\t<span class=\"elementor-button-content-wrapper\">\n\t\t\t\t\t\t<span class=\"elementor-button-icon elementor-align-icon-left\">\n\t\t\t\t<i aria-hidden=\"true\" class=\"fab fa-whatsapp\"><\/i>\t\t\t<\/span>\n\t\t\t\t\t\t<span class=\"elementor-button-text\">(11) 96723-1000<\/span>\n\t\t<\/span>\n\t\t\t\t\t<\/a>\n\t\t<\/div>\n\t\t\t\t<\/div>\n\t\t\t\t<\/div>\n\t\t\t\t<div class=\"elementor-element elementor-element-a14212b elementor-widget elementor-widget-text-editor\" data-id=\"a14212b\" data-element_type=\"widget\" data-widget_type=\"text-editor.default\">\n\t\t\t\t<div class=\"elementor-widget-container\">\n\t\t\t\t\t<div class=\"elementor-text-editor elementor-clearfix\"><p><span style=\"font-weight: 400;\">Ou pelo e-mail:<\/span><\/p><\/div>\n\t\t\t\t<\/div>\n\t\t\t\t<\/div>\n\t\t\t\t<div class=\"elementor-element elementor-element-06086db elementor-align-center elementor-widget elementor-widget-button\" data-id=\"06086db\" data-element_type=\"widget\" data-widget_type=\"button.default\">\n\t\t\t\t<div class=\"elementor-widget-container\">\n\t\t\t\t\t<div class=\"elementor-button-wrapper\">\n\t\t\t<a href=\"mailto:atendimento@adf.org.br%20\" class=\"elementor-button-link elementor-button elementor-size-sm\" role=\"button\">\n\t\t\t\t\t\t<span class=\"elementor-button-content-wrapper\">\n\t\t\t\t\t\t<span class=\"elementor-button-icon elementor-align-icon-left\">\n\t\t\t\t<i aria-hidden=\"true\" class=\"fas fa-mail-bulk\"><\/i>\t\t\t<\/span>\n\t\t\t\t\t\t<span class=\"elementor-button-text\">atendimento@adf.org.br <\/span>\n\t\t<\/span>\n\t\t\t\t\t<\/a>\n\t\t<\/div>\n\t\t\t\t<\/div>\n\t\t\t\t<\/div>\n\t\t\t\t\t\t<\/div>\n\t\t\t\t\t<\/div>\n\t\t<\/div>\n\t\t\t\t\t\t\t\t<\/div>\n\t\t\t\t\t<\/div>\n\t\t<\/section>\n\t\t\t\t<section class=\"elementor-section elementor-top-section elementor-element elementor-element-872808c elementor-section-boxed elementor-section-height-default elementor-section-height-default\" data-id=\"872808c\" data-element_type=\"section\" data-settings=\"{&quot;background_background&quot;:&quot;classic&quot;}\">\n\t\t\t\t\t\t<div class=\"elementor-container elementor-column-gap-default\">\n\t\t\t\t\t\t\t<div class=\"elementor-row\">\n\t\t\t\t\t<div class=\"elementor-column elementor-col-100 elementor-top-column elementor-element elementor-element-2349cd7\" data-id=\"2349cd7\" data-element_type=\"column\">\n\t\t\t<div class=\"elementor-column-wrap elementor-element-populated\">\n\t\t\t\t\t\t\t<div class=\"elementor-widget-wrap\">\n\t\t\t\t\t\t<div class=\"elementor-element elementor-element-b964b33 elementor-widget elementor-widget-text-editor\" data-id=\"b964b33\" data-element_type=\"widget\" data-widget_type=\"text-editor.default\">\n\t\t\t\t<div class=\"elementor-widget-container\">\n\t\t\t\t\t<div class=\"elementor-text-editor elementor-clearfix\"><p>Compartilhe:<\/p><\/div>\n\t\t\t\t<\/div>\n\t\t\t\t<\/div>\n\t\t\t\t\t\t<\/div>\n\t\t\t\t\t<\/div>\n\t\t<\/div>\n\t\t\t\t\t\t\t\t<\/div>\n\t\t\t\t\t<\/div>\n\t\t<\/section>\n\t\t\t\t<section class=\"elementor-section elementor-top-section elementor-element elementor-element-1815609 elementor-section-boxed elementor-section-height-default elementor-section-height-default\" data-id=\"1815609\" data-element_type=\"section\" data-settings=\"{&quot;background_background&quot;:&quot;classic&quot;}\">\n\t\t\t\t\t\t<div class=\"elementor-container elementor-column-gap-default\">\n\t\t\t\t\t\t\t<div class=\"elementor-row\">\n\t\t\t\t\t<div class=\"elementor-column elementor-col-33 elementor-top-column elementor-element elementor-element-4c54a14\" data-id=\"4c54a14\" data-element_type=\"column\">\n\t\t\t<div class=\"elementor-column-wrap elementor-element-populated\">\n\t\t\t\t\t\t\t<div class=\"elementor-widget-wrap\">\n\t\t\t\t\t\t<div class=\"elementor-element elementor-element-230b64e elementor-view-default elementor-widget elementor-widget-icon\" data-id=\"230b64e\" data-element_type=\"widget\" data-widget_type=\"icon.default\">\n\t\t\t\t<div class=\"elementor-widget-container\">\n\t\t\t\t\t<div class=\"elementor-icon-wrapper\">\n\t\t\t<a class=\"elementor-icon\" href=\"https:\/\/www.facebook.com\/sharer.php?u=https:\/\/www.adf.org.br\/home\/exercito_da_medalha_milagrosa\" target=\"_blank\">\n\t\t\t<i aria-hidden=\"true\" class=\"fab fa-facebook\"><\/i>\t\t\t<\/a>\n\t\t<\/div>\n\t\t\t\t<\/div>\n\t\t\t\t<\/div>\n\t\t\t\t\t\t<\/div>\n\t\t\t\t\t<\/div>\n\t\t<\/div>\n\t\t\t\t<div class=\"elementor-column elementor-col-33 elementor-top-column elementor-element elementor-element-0de4fec\" data-id=\"0de4fec\" data-element_type=\"column\">\n\t\t\t<div class=\"elementor-column-wrap elementor-element-populated\">\n\t\t\t\t\t\t\t<div class=\"elementor-widget-wrap\">\n\t\t\t\t\t\t<div class=\"elementor-element elementor-element-6575869 elementor-view-default elementor-widget elementor-widget-icon\" data-id=\"6575869\" data-element_type=\"widget\" data-widget_type=\"icon.default\">\n\t\t\t\t<div class=\"elementor-widget-container\">\n\t\t\t\t\t<div class=\"elementor-icon-wrapper\">\n\t\t\t<a class=\"elementor-icon\" href=\"https:\/\/telegram.me\/share\/url?url=https:\/\/www.adf.org.br\/home\/exercito_da_medalha_milagrosa\/?origem=24867&#038;text=Eu%20fiz%20minha%20inscri\u00e7\u00e3o%20no%20grupo%20Ex\u00e9rcito%20da%20Medalha%20Milagrosa%20e%20em%20breve%20vou%20receber%20a%20minha%20Medalha%20Milagrosa.%20Veja%20como%20voc\u00ea%20pode%20participar%20no%20link.https:\/\/www.adf.org.br\/home\/exercito_da_medalha_milagrosa\/?origem=24871\" target=\"_blank\">\n\t\t\t<i aria-hidden=\"true\" class=\"fab fa-telegram\"><\/i>\t\t\t<\/a>\n\t\t<\/div>\n\t\t\t\t<\/div>\n\t\t\t\t<\/div>\n\t\t\t\t\t\t<\/div>\n\t\t\t\t\t<\/div>\n\t\t<\/div>\n\t\t\t\t<div class=\"elementor-column elementor-col-33 elementor-top-column elementor-element elementor-element-f2c03b3\" data-id=\"f2c03b3\" data-element_type=\"column\">\n\t\t\t<div class=\"elementor-column-wrap elementor-element-populated\">\n\t\t\t\t\t\t\t<div class=\"elementor-widget-wrap\">\n\t\t\t\t\t\t<div class=\"elementor-element elementor-element-c2121ca elementor-view-default elementor-widget elementor-widget-icon\" data-id=\"c2121ca\" data-element_type=\"widget\" data-widget_type=\"icon.default\">\n\t\t\t\t<div class=\"elementor-widget-container\">\n\t\t\t\t\t<div class=\"elementor-icon-wrapper\">\n\t\t\t<a class=\"elementor-icon\" href=\"https:\/\/api.whatsapp.com\/send?text=O%20ex\u00e9rcito%20da%20Medalha%20Milagrosa%20quer%20&#039;armar&#039;%20a%20popula\u00e7\u00e3o%20com%20um%20sacramental%20que%20Maria%20nos%20deu.%20Eu%20fiz%20minha%20inscri\u00e7\u00e3o%20e%20em%20breve%20vou%20receber%20a%20minha%20Medalha%20Milagrosa.%20Veja%20como%20voc\u00ea%20pode%20participar%20no%20link:https:\/\/www.adf.org.br\/home\/exercito_da_medalha_milagrosa\/?origem=24867\" target=\"_blank\">\n\t\t\t<i aria-hidden=\"true\" class=\"fab fa-whatsapp\"><\/i>\t\t\t<\/a>\n\t\t<\/div>\n\t\t\t\t<\/div>\n\t\t\t\t<\/div>\n\t\t\t\t\t\t<\/div>\n\t\t\t\t\t<\/div>\n\t\t<\/div>\n\t\t\t\t\t\t\t\t<\/div>\n\t\t\t\t\t<\/div>\n\t\t<\/section>\n\t\t\t\t<section class=\"elementor-section elementor-top-section elementor-element elementor-element-2350301 elementor-section-boxed elementor-section-height-default elementor-section-height-default\" data-id=\"2350301\" data-element_type=\"section\" data-settings=\"{&quot;background_background&quot;:&quot;classic&quot;}\">\n\t\t\t\t\t\t<div class=\"elementor-container elementor-column-gap-default\">\n\t\t\t\t\t\t\t<div class=\"elementor-row\">\n\t\t\t\t\t<div class=\"elementor-column elementor-col-100 elementor-top-column elementor-element elementor-element-e651add\" data-id=\"e651add\" data-element_type=\"column\">\n\t\t\t<div class=\"elementor-column-wrap elementor-element-populated\">\n\t\t\t\t\t\t\t<div class=\"elementor-widget-wrap\">\n\t\t\t\t\t\t<div class=\"elementor-element elementor-element-c89c279 elementor-widget elementor-widget-text-editor\" data-id=\"c89c279\" data-element_type=\"widget\" data-widget_type=\"text-editor.default\">\n\t\t\t\t<div class=\"elementor-widget-container\">\n\t\t\t\t\t<div class=\"elementor-text-editor elementor-clearfix\"><p>O Ex\u00e9rcito da Medalha Milagrosa \u00e9 uma iniciativa da Associa\u00e7\u00e3o Devotos de F\u00e1tima.\u00a0<\/p><\/div>\n\t\t\t\t<\/div>\n\t\t\t\t<\/div>\n\t\t\t\t<div class=\"elementor-element elementor-element-eb0c80d elementor-widget elementor-widget-image\" data-id=\"eb0c80d\" data-element_type=\"widget\" data-widget_type=\"image.default\">\n\t\t\t\t<div class=\"elementor-widget-container\">\n\t\t\t\t\t<div class=\"elementor-image\">\n\t\t\t\t\t\t\t\t\t\t<img width=\"516\" height=\"257\" src=\"https:\/\/www.adf.org.br\/home\/wp-content\/uploads\/2021\/03\/logo_adf.png\" class=\"attachment-large size-large\" alt=\"\" loading=\"lazy\" srcset=\"https:\/\/www.adf.org.br\/home\/wp-content\/uploads\/2021\/03\/logo_adf.png 516w, https:\/\/www.adf.org.br\/home\/wp-content\/uploads\/2021\/03\/logo_adf-300x149.png 300w\" sizes=\"(max-width: 516px) 100vw, 516px\" \/>\t\t\t\t\t\t\t\t\t\t\t<\/div>\n\t\t\t\t<\/div>\n\t\t\t\t<\/div>\n\t\t\t\t\t\t<\/div>\n\t\t\t\t\t<\/div>\n\t\t<\/div>\n\t\t\t\t\t\t\t\t<\/div>\n\t\t\t\t\t<\/div>\n\t\t<\/section>\n\t\t\t\t\t\t<\/div>\n\t\t\t\t\t\t<\/div>\n\t\t\t\t\t<\/div>\n\t\t","protected":false},"excerpt":{"rendered":"<p>Sei que os raios nas m\u00e3os de Nossa Senhora das Gra\u00e7as brilham ainda mais.\u00a0 Gra\u00e7as a voc\u00ea, poderemos confeccionar 10 mil de Medalhas Milagrosas para distribuir pelo Brasil. Seu nome j\u00e1 foi inscrito numa Missa especial desta semana e eu enviei um e-mail para voc\u00ea, com informa\u00e7\u00f5es importantes sobre a sua ajuda e tamb\u00e9m o [&hellip;]<\/p>\n","protected":false},"author":9,"featured_media":0,"parent":0,"menu_order":0,"comment_status":"closed","ping_status":"closed","template":"elementor_canvas","meta":[],"yoast_head":"<!-- This site is optimized with the Yoast SEO plugin v17.4 - https:\/\/yoast.com\/wordpress\/plugins\/seo\/ -->\n<title>Medalha milagrosa Agradecimento - Associa\u00e7\u00e3o Devotos de F\u00e1tima<\/title>\n<meta name=\"robots\" content=\"index, follow, max-snippet:-1, max-image-preview:large, max-video-preview:-1\" \/>\n<link rel=\"canonical\" href=\"https:\/\/www.adf.org.br\/home\/medalha-milagrosa-agradecimento\/\" \/>\n<meta property=\"og:locale\" content=\"pt_BR\" \/>\n<meta property=\"og:type\" content=\"article\" \/>\n<meta property=\"og:title\" content=\"Medalha milagrosa Agradecimento - Associa\u00e7\u00e3o Devotos de F\u00e1tima\" \/>\n<meta property=\"og:description\" content=\"Sei que os raios nas m\u00e3os de Nossa Senhora das Gra\u00e7as brilham ainda mais.\u00a0 Gra\u00e7as a voc\u00ea, poderemos confeccionar 10 mil de Medalhas Milagrosas para distribuir pelo Brasil. Seu nome j\u00e1 foi inscrito numa Missa especial desta semana e eu enviei um e-mail para voc\u00ea, com informa\u00e7\u00f5es importantes sobre a sua ajuda e tamb\u00e9m o [&hellip;]\" \/>\n<meta property=\"og:url\" content=\"https:\/\/www.adf.org.br\/home\/medalha-milagrosa-agradecimento\/\" \/>\n<meta property=\"og:site_name\" content=\"Associa\u00e7\u00e3o Devotos de F\u00e1tima\" \/>\n<meta property=\"article:modified_time\" content=\"2022-09-27T13:26:35+00:00\" \/>\n<meta property=\"og:image\" content=\"https:\/\/www.adf.org.br\/home\/wp-content\/uploads\/2021\/03\/logo_adf.png\" \/>\n<meta name=\"twitter:card\" content=\"summary_large_image\" \/>\n<meta name=\"twitter:label1\" content=\"Est. tempo de leitura\" \/>\n\t<meta name=\"twitter:data1\" content=\"1 minuto\" \/>\n<script type=\"application\/ld+json\" class=\"yoast-schema-graph\">{\"@context\":\"https:\/\/schema.org\",\"@graph\":[{\"@type\":\"WebSite\",\"@id\":\"https:\/\/www.adf.org.br\/home\/#website\",\"url\":\"https:\/\/www.adf.org.br\/home\/\",\"name\":\"Associa\\u00e7\\u00e3o Devotos de F\\u00e1tima\",\"description\":\"Associa\\u00e7\\u00e3o Devotos de F\\u00e1tima\",\"potentialAction\":[{\"@type\":\"SearchAction\",\"target\":{\"@type\":\"EntryPoint\",\"urlTemplate\":\"https:\/\/www.adf.org.br\/home\/?s={search_term_string}\"},\"query-input\":\"required name=search_term_string\"}],\"inLanguage\":\"pt-BR\"},{\"@type\":\"ImageObject\",\"@id\":\"https:\/\/www.adf.org.br\/home\/medalha-milagrosa-agradecimento\/#primaryimage\",\"inLanguage\":\"pt-BR\",\"url\":\"https:\/\/www.adf.org.br\/home\/wp-content\/uploads\/2021\/03\/logo_adf.png\",\"contentUrl\":\"https:\/\/www.adf.org.br\/home\/wp-content\/uploads\/2021\/03\/logo_adf.png\",\"width\":516,\"height\":257},{\"@type\":\"WebPage\",\"@id\":\"https:\/\/www.adf.org.br\/home\/medalha-milagrosa-agradecimento\/#webpage\",\"url\":\"https:\/\/www.adf.org.br\/home\/medalha-milagrosa-agradecimento\/\",\"name\":\"Medalha milagrosa Agradecimento - Associa\\u00e7\\u00e3o Devotos de F\\u00e1tima\",\"isPartOf\":{\"@id\":\"https:\/\/www.adf.org.br\/home\/#website\"},\"primaryImageOfPage\":{\"@id\":\"https:\/\/www.adf.org.br\/home\/medalha-milagrosa-agradecimento\/#primaryimage\"},\"datePublished\":\"2022-08-30T16:03:19+00:00\",\"dateModified\":\"2022-09-27T13:26:35+00:00\",\"breadcrumb\":{\"@id\":\"https:\/\/www.adf.org.br\/home\/medalha-milagrosa-agradecimento\/#breadcrumb\"},\"inLanguage\":\"pt-BR\",\"potentialAction\":[{\"@type\":\"ReadAction\",\"target\":[\"https:\/\/www.adf.org.br\/home\/medalha-milagrosa-agradecimento\/\"]}]},{\"@type\":\"BreadcrumbList\",\"@id\":\"https:\/\/www.adf.org.br\/home\/medalha-milagrosa-agradecimento\/#breadcrumb\",\"itemListElement\":[{\"@type\":\"ListItem\",\"position\":1,\"name\":\"Home\",\"item\":\"https:\/\/www.adf.org.br\/home\/\"},{\"@type\":\"ListItem\",\"position\":2,\"name\":\"Medalha milagrosa Agradecimento\"}]}]}<\/script>\n<!-- \/ Yoast SEO plugin. -->","yoast_head_json":{"title":"Medalha milagrosa Agradecimento - Associa\u00e7\u00e3o Devotos de F\u00e1tima","robots":{"index":"index","follow":"follow","max-snippet":"max-snippet:-1","max-image-preview":"max-image-preview:large","max-video-preview":"max-video-preview:-1"},"canonical":"https:\/\/www.adf.org.br\/home\/medalha-milagrosa-agradecimento\/","og_locale":"pt_BR","og_type":"article","og_title":"Medalha milagrosa Agradecimento - Associa\u00e7\u00e3o Devotos de F\u00e1tima","og_description":"Sei que os raios nas m\u00e3os de Nossa Senhora das Gra\u00e7as brilham ainda mais.\u00a0 Gra\u00e7as a voc\u00ea, poderemos confeccionar 10 mil de Medalhas Milagrosas para distribuir pelo Brasil. Seu nome j\u00e1 foi inscrito numa Missa especial desta semana e eu enviei um e-mail para voc\u00ea, com informa\u00e7\u00f5es importantes sobre a sua ajuda e tamb\u00e9m o [&hellip;]","og_url":"https:\/\/www.adf.org.br\/home\/medalha-milagrosa-agradecimento\/","og_site_name":"Associa\u00e7\u00e3o Devotos de F\u00e1tima","article_modified_time":"2022-09-27T13:26:35+00:00","og_image":[{"url":"https:\/\/www.adf.org.br\/home\/wp-content\/uploads\/2021\/03\/logo_adf.png"}],"twitter_card":"summary_large_image","twitter_misc":{"Est. tempo de leitura":"1 minuto"},"schema":{"@context":"https:\/\/schema.org","@graph":[{"@type":"WebSite","@id":"https:\/\/www.adf.org.br\/home\/#website","url":"https:\/\/www.adf.org.br\/home\/","name":"Associa\u00e7\u00e3o Devotos de F\u00e1tima","description":"Associa\u00e7\u00e3o Devotos de F\u00e1tima","potentialAction":[{"@type":"SearchAction","target":{"@type":"EntryPoint","urlTemplate":"https:\/\/www.adf.org.br\/home\/?s={search_term_string}"},"query-input":"required name=search_term_string"}],"inLanguage":"pt-BR"},{"@type":"ImageObject","@id":"https:\/\/www.adf.org.br\/home\/medalha-milagrosa-agradecimento\/#primaryimage","inLanguage":"pt-BR","url":"https:\/\/www.adf.org.br\/home\/wp-content\/uploads\/2021\/03\/logo_adf.png","contentUrl":"https:\/\/www.adf.org.br\/home\/wp-content\/uploads\/2021\/03\/logo_adf.png","width":516,"height":257},{"@type":"WebPage","@id":"https:\/\/www.adf.org.br\/home\/medalha-milagrosa-agradecimento\/#webpage","url":"https:\/\/www.adf.org.br\/home\/medalha-milagrosa-agradecimento\/","name":"Medalha milagrosa Agradecimento - Associa\u00e7\u00e3o Devotos de F\u00e1tima","isPartOf":{"@id":"https:\/\/www.adf.org.br\/home\/#website"},"primaryImageOfPage":{"@id":"https:\/\/www.adf.org.br\/home\/medalha-milagrosa-agradecimento\/#primaryimage"},"datePublished":"2022-08-30T16:03:19+00:00","dateModified":"2022-09-27T13:26:35+00:00","breadcrumb":{"@id":"https:\/\/www.adf.org.br\/home\/medalha-milagrosa-agradecimento\/#breadcrumb"},"inLanguage":"pt-BR","potentialAction":[{"@type":"ReadAction","target":["https:\/\/www.adf.org.br\/home\/medalha-milagrosa-agradecimento\/"]}]},{"@type":"BreadcrumbList","@id":"https:\/\/www.adf.org.br\/home\/medalha-milagrosa-agradecimento\/#breadcrumb","itemListElement":[{"@type":"ListItem","position":1,"name":"Home","item":"https:\/\/www.adf.org.br\/home\/"},{"@type":"ListItem","position":2,"name":"Medalha milagrosa Agradecimento"}]}]}},"_links":{"self":[{"href":"https:\/\/www.adf.org.br\/home\/wp-json\/wp\/v2\/pages\/69626"}],"collection":[{"href":"https:\/\/www.adf.org.br\/home\/wp-json\/wp\/v2\/pages"}],"about":[{"href":"https:\/\/www.adf.org.br\/home\/wp-json\/wp\/v2\/types\/page"}],"author":[{"embeddable":true,"href":"https:\/\/www.adf.org.br\/home\/wp-json\/wp\/v2\/users\/9"}],"replies":[{"embeddable":true,"href":"https:\/\/www.adf.org.br\/home\/wp-json\/wp\/v2\/comments?post=69626"}],"version-history":[{"count":26,"href":"https:\/\/www.adf.org.br\/home\/wp-json\/wp\/v2\/pages\/69626\/revisions"}],"predecessor-version":[{"id":70247,"href":"https:\/\/www.adf.org.br\/home\/wp-json\/wp\/v2\/pages\/69626\/revisions\/70247"}],"wp:attachment":[{"href":"https:\/\/www.adf.org.br\/home\/wp-json\/wp\/v2\/media?parent=69626"}],"curies":[{"name":"wp","href":"https:\/\/api.w.org\/{rel}","templated":true}]}}