{"id":63416,"date":"2021-02-02T09:26:21","date_gmt":"2021-02-02T12:26:21","guid":{"rendered":"https:\/\/www.adf.org.br\/home\/?page_id=63416"},"modified":"2022-01-31T13:25:49","modified_gmt":"2022-01-31T16:25:49","slug":"e-book-nossa-senhora-de-lourdes","status":"publish","type":"page","link":"https:\/\/www.adf.org.br\/home\/e-book-nossa-senhora-de-lourdes\/","title":{"rendered":"E-book Nossa Senhora de Lourdes"},"content":{"rendered":"\t\t<div data-elementor-type=\"wp-page\" data-elementor-id=\"63416\" class=\"elementor elementor-63416\" data-elementor-settings=\"[]\">\n\t\t\t\t\t\t<div class=\"elementor-inner\">\n\t\t\t\t\t\t\t<div class=\"elementor-section-wrap\">\n\t\t\t\t\t\t\t<section class=\"elementor-section elementor-top-section elementor-element elementor-element-1093c87 elementor-section-boxed elementor-section-height-default elementor-section-height-default\" data-id=\"1093c87\" data-element_type=\"section\" data-settings=\"{&quot;background_background&quot;:&quot;classic&quot;}\">\n\t\t\t\t\t\t<div class=\"elementor-container elementor-column-gap-default\">\n\t\t\t\t\t\t\t<div class=\"elementor-row\">\n\t\t\t\t\t<div class=\"elementor-column elementor-col-100 elementor-top-column elementor-element elementor-element-c26fea1\" data-id=\"c26fea1\" data-element_type=\"column\" data-settings=\"{&quot;background_background&quot;:&quot;classic&quot;}\">\n\t\t\t<div class=\"elementor-column-wrap elementor-element-populated\">\n\t\t\t\t\t\t\t<div class=\"elementor-widget-wrap\">\n\t\t\t\t\t\t<div class=\"elementor-element elementor-element-74f8c2b elementor-widget elementor-widget-html\" data-id=\"74f8c2b\" data-element_type=\"widget\" data-widget_type=\"html.default\">\n\t\t\t\t<div class=\"elementor-widget-container\">\n\t\t\t<!-- Global site tag (gtag.js) - Google Analytics -->\r\n<script async src=\"https:\/\/www.googletagmanager.com\/gtag\/js?id=UA-7758912-34\"><\/script>\r\n<script>\r\n  window.dataLayer = window.dataLayer || [];\r\n  function gtag(){dataLayer.push(arguments);}\r\n  gtag('js', new Date());\r\n\r\n  gtag('config', 'UA-7758912-34');\r\n<\/script>\t\t<\/div>\n\t\t\t\t<\/div>\n\t\t\t\t<section class=\"elementor-section elementor-inner-section elementor-element elementor-element-93ec189 elementor-section-boxed elementor-section-height-default elementor-section-height-default\" data-id=\"93ec189\" data-element_type=\"section\" data-settings=\"{&quot;background_background&quot;:&quot;classic&quot;}\">\n\t\t\t\t\t\t<div class=\"elementor-container elementor-column-gap-default\">\n\t\t\t\t\t\t\t<div class=\"elementor-row\">\n\t\t\t\t\t<div class=\"elementor-column elementor-col-33 elementor-inner-column elementor-element elementor-element-57706ec\" data-id=\"57706ec\" data-element_type=\"column\">\n\t\t\t<div class=\"elementor-column-wrap elementor-element-populated\">\n\t\t\t\t\t\t\t<div class=\"elementor-widget-wrap\">\n\t\t\t\t\t\t<div class=\"elementor-element elementor-element-c907ea7 elementor-widget elementor-widget-image\" data-id=\"c907ea7\" data-element_type=\"widget\" data-widget_type=\"image.default\">\n\t\t\t\t<div class=\"elementor-widget-container\">\n\t\t\t\t\t<div class=\"elementor-image\">\n\t\t\t\t\t\t\t\t\t\t<img width=\"209\" height=\"318\" src=\"https:\/\/www.adf.org.br\/home\/wp-content\/uploads\/2021\/02\/livro-01.png\" class=\"attachment-large size-large\" alt=\"\" loading=\"lazy\" srcset=\"https:\/\/www.adf.org.br\/home\/wp-content\/uploads\/2021\/02\/livro-01.png 209w, https:\/\/www.adf.org.br\/home\/wp-content\/uploads\/2021\/02\/livro-01-197x300.png 197w\" sizes=\"(max-width: 209px) 100vw, 209px\" \/>\t\t\t\t\t\t\t\t\t\t\t<\/div>\n\t\t\t\t<\/div>\n\t\t\t\t<\/div>\n\t\t\t\t\t\t<\/div>\n\t\t\t\t\t<\/div>\n\t\t<\/div>\n\t\t\t\t<div class=\"elementor-column elementor-col-33 elementor-inner-column elementor-element elementor-element-a3fad0d\" data-id=\"a3fad0d\" data-element_type=\"column\">\n\t\t\t<div class=\"elementor-column-wrap elementor-element-populated\">\n\t\t\t\t\t\t\t<div class=\"elementor-widget-wrap\">\n\t\t\t\t\t\t<div class=\"elementor-element elementor-element-5abafc2 elementor-widget elementor-widget-text-editor\" data-id=\"5abafc2\" data-element_type=\"widget\" data-widget_type=\"text-editor.default\">\n\t\t\t\t<div class=\"elementor-widget-container\">\n\t\t\t\t\t<div class=\"elementor-text-editor elementor-clearfix\"><p><span style=\"font-weight: 400;\">O Livro da Cura, por intercess\u00e3o de Nossa Senhora de Lourdes<\/span><\/p><\/div>\n\t\t\t\t<\/div>\n\t\t\t\t<\/div>\n\t\t\t\t<div class=\"elementor-element elementor-element-9305a04 elementor-align-center elementor-widget elementor-widget-button\" data-id=\"9305a04\" data-element_type=\"widget\" data-widget_type=\"button.default\">\n\t\t\t\t<div class=\"elementor-widget-container\">\n\t\t\t\t\t<div class=\"elementor-button-wrapper\">\n\t\t\t<a href=\"#form-modal=938&#038;cod_campanha=679\" class=\"elementor-button-link elementor-button elementor-size-lg\" role=\"button\">\n\t\t\t\t\t\t<span class=\"elementor-button-content-wrapper\">\n\t\t\t\t\t\t<span class=\"elementor-button-text\">FA\u00c7A O DOWNLOAD AGORA<\/span>\n\t\t<\/span>\n\t\t\t\t\t<\/a>\n\t\t<\/div>\n\t\t\t\t<\/div>\n\t\t\t\t<\/div>\n\t\t\t\t\t\t<\/div>\n\t\t\t\t\t<\/div>\n\t\t<\/div>\n\t\t\t\t<div class=\"elementor-column elementor-col-33 elementor-inner-column elementor-element elementor-element-92be167\" data-id=\"92be167\" data-element_type=\"column\">\n\t\t\t<div class=\"elementor-column-wrap\">\n\t\t\t\t\t\t\t<div class=\"elementor-widget-wrap\">\n\t\t\t\t\t\t\t\t<\/div>\n\t\t\t\t\t<\/div>\n\t\t<\/div>\n\t\t\t\t\t\t\t\t<\/div>\n\t\t\t\t\t<\/div>\n\t\t<\/section>\n\t\t\t\t<div class=\"elementor-element elementor-element-462c713 elementor-widget elementor-widget-text-editor\" data-id=\"462c713\" data-element_type=\"widget\" data-widget_type=\"text-editor.default\">\n\t\t\t\t<div class=\"elementor-widget-container\">\n\t\t\t\t\t<div class=\"elementor-text-editor elementor-clearfix\"><p>A verdade \u00e9 que estamos expostos a in\u00fameros tipos de doen\u00e7as diariamente.<\/p>\n<p>Quando estamos doentes procuramos um especialista, mas nem sempre os diagn\u00f3sticos s\u00e3o precisos. Isso acontece porque n\u00e3o \u00e9 o corpo que est\u00e1 doente, mas a alma!<\/p>\n<p><strong>Nossa Senhora de Lourdes \u00e9 conhecida mundialmente por ser a Padroeira da Sa\u00fade e dos Enfermos.<\/strong><\/p>\n<p>Atrav\u00e9s dessa devo\u00e7\u00e3o muitas pessoas alcan\u00e7aram milagres impressionantes, como enfermos que eram considerados sem salva\u00e7\u00e3o por especialistas, mas foram curados quando recorreram \u00e0 Nossa Senhora de Lourdes.<\/p>\n<p>Nada \u00e9 imposs\u00edvel para Ela. Nada!<\/p><\/div>\n\t\t\t\t<\/div>\n\t\t\t\t<\/div>\n\t\t\t\t<section class=\"elementor-section elementor-inner-section elementor-element elementor-element-500b9b2 elementor-section-boxed elementor-section-height-default elementor-section-height-default\" data-id=\"500b9b2\" data-element_type=\"section\" data-settings=\"{&quot;background_background&quot;:&quot;classic&quot;}\">\n\t\t\t\t\t\t<div class=\"elementor-container elementor-column-gap-default\">\n\t\t\t\t\t\t\t<div class=\"elementor-row\">\n\t\t\t\t\t<div class=\"elementor-column elementor-col-50 elementor-inner-column elementor-element elementor-element-dbfe780\" data-id=\"dbfe780\" data-element_type=\"column\">\n\t\t\t<div class=\"elementor-column-wrap elementor-element-populated\">\n\t\t\t\t\t\t\t<div class=\"elementor-widget-wrap\">\n\t\t\t\t\t\t<div class=\"elementor-element elementor-element-5ed933a elementor-widget elementor-widget-image\" data-id=\"5ed933a\" data-element_type=\"widget\" data-widget_type=\"image.default\">\n\t\t\t\t<div class=\"elementor-widget-container\">\n\t\t\t\t\t<div class=\"elementor-image\">\n\t\t\t\t\t\t\t\t\t\t<img width=\"209\" height=\"318\" src=\"https:\/\/www.adf.org.br\/home\/wp-content\/uploads\/2021\/02\/livro-01.png\" class=\"attachment-large size-large\" alt=\"\" loading=\"lazy\" srcset=\"https:\/\/www.adf.org.br\/home\/wp-content\/uploads\/2021\/02\/livro-01.png 209w, https:\/\/www.adf.org.br\/home\/wp-content\/uploads\/2021\/02\/livro-01-197x300.png 197w\" sizes=\"(max-width: 209px) 100vw, 209px\" \/>\t\t\t\t\t\t\t\t\t\t\t<\/div>\n\t\t\t\t<\/div>\n\t\t\t\t<\/div>\n\t\t\t\t\t\t<\/div>\n\t\t\t\t\t<\/div>\n\t\t<\/div>\n\t\t\t\t<div class=\"elementor-column elementor-col-50 elementor-inner-column elementor-element elementor-element-66c7abc\" data-id=\"66c7abc\" data-element_type=\"column\">\n\t\t\t<div class=\"elementor-column-wrap elementor-element-populated\">\n\t\t\t\t\t\t\t<div class=\"elementor-widget-wrap\">\n\t\t\t\t\t\t<div class=\"elementor-element elementor-element-60c0e24 elementor-widget elementor-widget-text-editor\" data-id=\"60c0e24\" data-element_type=\"widget\" data-widget_type=\"text-editor.default\">\n\t\t\t\t<div class=\"elementor-widget-container\">\n\t\t\t\t\t<div class=\"elementor-text-editor elementor-clearfix\"><p style=\"text-align: left;\">E agora <span style=\"text-decoration: underline;\">lidamos com tempos de crises e incertezas no qual surgem doen\u00e7as e males que amea\u00e7am a nossa sa\u00fade e daqueles que mais amamos. <\/span>Esse \u00e9 o motivo para essa devo\u00e7\u00e3o ser essencial nos dias atuais e voc\u00ea precisa conhec\u00ea-la.<\/p><p>Por isso <strong>disponibilizamos gratuitamente o Livro da Cura, por intercess\u00e3o de Nossa Senhora de Lourdes,\u00a0<\/strong>para que voc\u00ea saiba TUDO sobre essa devo\u00e7\u00e3o.<\/p><p style=\"text-align: center;\"><span style=\"text-decoration: underline;\"><strong style=\"text-align: center; background-color: #ffffff; color: #0000ff;\"><a style=\"text-align: center; background-color: #ffffff; color: #0000ff; text-decoration: underline;\" href=\"#form-modal=938&amp;cod_campanha=679\">Fa\u00e7a o download gr\u00e1tis clicando aqui!<\/a><\/strong><\/span><\/p><p>Este exemplar foi elaborado com base nos relatos e documentos aprovados pela Igreja a respeito das apari\u00e7\u00f5es de Nossa Senhora de Lourdes \u00e0 Santa Catarina Labour\u00e9, em meados de 1858.<\/p><\/div>\n\t\t\t\t<\/div>\n\t\t\t\t<\/div>\n\t\t\t\t\t\t<\/div>\n\t\t\t\t\t<\/div>\n\t\t<\/div>\n\t\t\t\t\t\t\t\t<\/div>\n\t\t\t\t\t<\/div>\n\t\t<\/section>\n\t\t\t\t<section class=\"elementor-section elementor-inner-section elementor-element elementor-element-6afdbc7 elementor-section-boxed elementor-section-height-default elementor-section-height-default\" data-id=\"6afdbc7\" data-element_type=\"section\" data-settings=\"{&quot;background_background&quot;:&quot;classic&quot;}\">\n\t\t\t\t\t\t<div class=\"elementor-container elementor-column-gap-default\">\n\t\t\t\t\t\t\t<div class=\"elementor-row\">\n\t\t\t\t\t<div class=\"elementor-column elementor-col-33 elementor-inner-column elementor-element elementor-element-05712d4\" data-id=\"05712d4\" data-element_type=\"column\">\n\t\t\t<div class=\"elementor-column-wrap\">\n\t\t\t\t\t\t\t<div class=\"elementor-widget-wrap\">\n\t\t\t\t\t\t\t\t<\/div>\n\t\t\t\t\t<\/div>\n\t\t<\/div>\n\t\t\t\t<div class=\"elementor-column elementor-col-33 elementor-inner-column elementor-element elementor-element-63ade2f\" data-id=\"63ade2f\" data-element_type=\"column\">\n\t\t\t<div class=\"elementor-column-wrap elementor-element-populated\">\n\t\t\t\t\t\t\t<div class=\"elementor-widget-wrap\">\n\t\t\t\t\t\t<div class=\"elementor-element elementor-element-9bcb27c elementor-widget elementor-widget-text-editor\" data-id=\"9bcb27c\" data-element_type=\"widget\" data-widget_type=\"text-editor.default\">\n\t\t\t\t<div class=\"elementor-widget-container\">\n\t\t\t\t\t<div class=\"elementor-text-editor elementor-clearfix\"><p style=\"text-align: left;\"><em>\u201cO que encontrarei neste Livro Digital?\u201d<\/em><\/p>\n<p><em>\u2014 A verdadeira hist\u00f3ria de Nossa Senhora Lourdes;<\/em><\/p><p><em>\u2014 Entender\u00e1 o motivo DEla ter se tornado a Padroeira da Sa\u00fade e dos Enfermos;<\/em><\/p><p><em>\u2014 Fotos raras explicando as apari\u00e7\u00f5es de Nossa Senhora de Lourdes;<\/em><\/p><p><em>\u2014 Conhecer\u00e1 as mais poderosas e recomendadas ora\u00e7\u00f5es para a sa\u00fade e muito mais.&nbsp;<\/em><\/p><p>A leitura deste livro digital ser\u00e1 um alimento para a sua alma.<\/p>\n<p style=\"text-align: center;\"><span style=\"text-decoration: underline;\"><span style=\"color: #0000ff;\"><a style=\"color: #0000ff;\" href=\"#form-modal=938&amp;cod_campanha=679\"><strong>Baixe agora mesmo!<\/strong><\/a><\/span><\/span><\/p><\/div>\n\t\t\t\t<\/div>\n\t\t\t\t<\/div>\n\t\t\t\t\t\t<\/div>\n\t\t\t\t\t<\/div>\n\t\t<\/div>\n\t\t\t\t<div class=\"elementor-column elementor-col-33 elementor-inner-column elementor-element elementor-element-22a409c\" data-id=\"22a409c\" data-element_type=\"column\">\n\t\t\t<div class=\"elementor-column-wrap\">\n\t\t\t\t\t\t\t<div class=\"elementor-widget-wrap\">\n\t\t\t\t\t\t\t\t<\/div>\n\t\t\t\t\t<\/div>\n\t\t<\/div>\n\t\t\t\t\t\t\t\t<\/div>\n\t\t\t\t\t<\/div>\n\t\t<\/section>\n\t\t\t\t<section class=\"elementor-section elementor-inner-section elementor-element elementor-element-b08d842 elementor-section-boxed elementor-section-height-default elementor-section-height-default\" data-id=\"b08d842\" data-element_type=\"section\" data-settings=\"{&quot;background_background&quot;:&quot;classic&quot;}\">\n\t\t\t\t\t\t<div class=\"elementor-container elementor-column-gap-default\">\n\t\t\t\t\t\t\t<div class=\"elementor-row\">\n\t\t\t\t\t<div class=\"elementor-column elementor-col-100 elementor-inner-column elementor-element elementor-element-22e0040\" data-id=\"22e0040\" data-element_type=\"column\">\n\t\t\t<div class=\"elementor-column-wrap elementor-element-populated\">\n\t\t\t\t\t\t\t<div class=\"elementor-widget-wrap\">\n\t\t\t\t\t\t<div class=\"elementor-element elementor-element-7cca4c6 elementor-hidden-tablet elementor-hidden-phone elementor-widget elementor-widget-image\" data-id=\"7cca4c6\" data-element_type=\"widget\" data-widget_type=\"image.default\">\n\t\t\t\t<div class=\"elementor-widget-container\">\n\t\t\t\t\t<div class=\"elementor-image\">\n\t\t\t\t\t\t\t\t\t\t\t<a href=\"https:\/\/adf.org.br\/apostolosdacura\/?origem=17581\" target=\"_blank\">\n\t\t\t\t\t\t\t<img width=\"1024\" height=\"291\" src=\"https:\/\/www.adf.org.br\/home\/wp-content\/uploads\/2021\/02\/baneer-anuncio-2-1024x291.jpg\" class=\"attachment-large size-large\" alt=\"\" loading=\"lazy\" srcset=\"https:\/\/www.adf.org.br\/home\/wp-content\/uploads\/2021\/02\/baneer-anuncio-2-1024x291.jpg 1024w, https:\/\/www.adf.org.br\/home\/wp-content\/uploads\/2021\/02\/baneer-anuncio-2-300x85.jpg 300w, https:\/\/www.adf.org.br\/home\/wp-content\/uploads\/2021\/02\/baneer-anuncio-2-768x219.jpg 768w, https:\/\/www.adf.org.br\/home\/wp-content\/uploads\/2021\/02\/baneer-anuncio-2.jpg 1300w\" sizes=\"(max-width: 1024px) 100vw, 1024px\" \/>\t\t\t\t\t\t\t\t<\/a>\n\t\t\t\t\t\t\t\t\t\t\t<\/div>\n\t\t\t\t<\/div>\n\t\t\t\t<\/div>\n\t\t\t\t<div class=\"elementor-element elementor-element-4637054 elementor-hidden-desktop elementor-widget elementor-widget-image\" data-id=\"4637054\" data-element_type=\"widget\" data-widget_type=\"image.default\">\n\t\t\t\t<div class=\"elementor-widget-container\">\n\t\t\t\t\t<div class=\"elementor-image\">\n\t\t\t\t\t\t\t\t\t\t<img width=\"1024\" height=\"563\" src=\"https:\/\/www.adf.org.br\/home\/wp-content\/uploads\/2021\/02\/baneer-anuncio-mobile-2-1024x563.jpg\" class=\"attachment-large size-large\" alt=\"\" loading=\"lazy\" srcset=\"https:\/\/www.adf.org.br\/home\/wp-content\/uploads\/2021\/02\/baneer-anuncio-mobile-2-1024x563.jpg 1024w, https:\/\/www.adf.org.br\/home\/wp-content\/uploads\/2021\/02\/baneer-anuncio-mobile-2-300x165.jpg 300w, https:\/\/www.adf.org.br\/home\/wp-content\/uploads\/2021\/02\/baneer-anuncio-mobile-2-768x422.jpg 768w, https:\/\/www.adf.org.br\/home\/wp-content\/uploads\/2021\/02\/baneer-anuncio-mobile-2.jpg 1300w\" sizes=\"(max-width: 1024px) 100vw, 1024px\" \/>\t\t\t\t\t\t\t\t\t\t\t<\/div>\n\t\t\t\t<\/div>\n\t\t\t\t<\/div>\n\t\t\t\t<div class=\"elementor-element elementor-element-8604da1 elementor-hidden-desktop elementor-widget elementor-widget-heading\" data-id=\"8604da1\" data-element_type=\"widget\" data-widget_type=\"heading.default\">\n\t\t\t\t<div class=\"elementor-widget-container\">\n\t\t\t<h2 class=\"elementor-heading-title elementor-size-default\">Cura inexplic\u00e1vel comove m\u00e9dicos<\/h2>\t\t<\/div>\n\t\t\t\t<\/div>\n\t\t\t\t<div class=\"elementor-element elementor-element-ebbeb9f elementor-widget elementor-widget-text-editor\" data-id=\"ebbeb9f\" data-element_type=\"widget\" data-widget_type=\"text-editor.default\">\n\t\t\t\t<div class=\"elementor-widget-container\">\n\t\t\t\t\t<div class=\"elementor-text-editor elementor-clearfix\"><p>Um milagre operado por Nossa Senhora de Lourdes aconteceu no Brasil e deixou muitos m\u00e9dicos impressionados.<\/p><p><span style=\"text-decoration: underline;\"><a style=\"color: #ffd900;\" href=\"https:\/\/adf.org.br\/apostolosdacura\/?origem=17581\"><strong>Clique aqui para conhecer esse relato!\u00a0<\/strong><\/a><\/span><\/p><p>A hist\u00f3ria da devota V\u00e2nia poderia ser a sua ou de qualquer outra pessoa.<\/p><p>Se esse relato comoveu especialistas e at\u00e9 mesmo os mais c\u00e9ticos, voc\u00ea tamb\u00e9m ir\u00e1 se emocionar.<\/p><p><span style=\"text-decoration: underline;\"><a style=\"color: #ffd900;\" href=\"https:\/\/adf.org.br\/apostolosdacura\/?origem=17581\"><strong>Assista aqui!<\/strong><\/a><\/span><\/p><\/div>\n\t\t\t\t<\/div>\n\t\t\t\t<\/div>\n\t\t\t\t\t\t<\/div>\n\t\t\t\t\t<\/div>\n\t\t<\/div>\n\t\t\t\t\t\t\t\t<\/div>\n\t\t\t\t\t<\/div>\n\t\t<\/section>\n\t\t\t\t<section class=\"elementor-section elementor-inner-section elementor-element elementor-element-6c41538 elementor-section-boxed elementor-section-height-default elementor-section-height-default\" data-id=\"6c41538\" data-element_type=\"section\" data-settings=\"{&quot;background_background&quot;:&quot;classic&quot;}\">\n\t\t\t\t\t\t<div class=\"elementor-container elementor-column-gap-default\">\n\t\t\t\t\t\t\t<div class=\"elementor-row\">\n\t\t\t\t\t<div class=\"elementor-column elementor-col-100 elementor-inner-column elementor-element elementor-element-2ade9fc\" data-id=\"2ade9fc\" data-element_type=\"column\">\n\t\t\t<div class=\"elementor-column-wrap elementor-element-populated\">\n\t\t\t\t\t\t\t<div class=\"elementor-widget-wrap\">\n\t\t\t\t\t\t<div class=\"elementor-element elementor-element-2bd5ae3 elementor-widget elementor-widget-text-editor\" data-id=\"2bd5ae3\" data-element_type=\"widget\" data-widget_type=\"text-editor.default\">\n\t\t\t\t<div class=\"elementor-widget-container\">\n\t\t\t\t\t<div class=\"elementor-text-editor elementor-clearfix\"><a href=\"https:\/\/www.adf.org.br\/home\/politica-de-privacidade\/\" target=\"_blank\" rel=\"noopener\"><u>Pol\u00edtica de Privacidade<\/u><\/a><\/div>\n\t\t\t\t<\/div>\n\t\t\t\t<\/div>\n\t\t\t\t\t\t<\/div>\n\t\t\t\t\t<\/div>\n\t\t<\/div>\n\t\t\t\t\t\t\t\t<\/div>\n\t\t\t\t\t<\/div>\n\t\t<\/section>\n\t\t\t\t\t\t<\/div>\n\t\t\t\t\t<\/div>\n\t\t<\/div>\n\t\t\t\t\t\t\t\t<\/div>\n\t\t\t\t\t<\/div>\n\t\t<\/section>\n\t\t\t\t\t\t<\/div>\n\t\t\t\t\t\t<\/div>\n\t\t\t\t\t<\/div>\n\t\t","protected":false},"excerpt":{"rendered":"<p>O Livro da Cura, por intercess\u00e3o de Nossa Senhora de Lourdes FA\u00c7A O DOWNLOAD AGORA A verdade \u00e9 que estamos expostos a in\u00fameros tipos de doen\u00e7as diariamente. Quando estamos doentes procuramos um especialista, mas nem sempre os diagn\u00f3sticos s\u00e3o precisos. Isso acontece porque n\u00e3o \u00e9 o corpo que est\u00e1 doente, mas a alma! Nossa Senhora [&hellip;]<\/p>\n","protected":false},"author":9,"featured_media":0,"parent":0,"menu_order":0,"comment_status":"closed","ping_status":"closed","template":"elementor_canvas","meta":[],"yoast_head":"<!-- This site is optimized with the Yoast SEO plugin v17.4 - https:\/\/yoast.com\/wordpress\/plugins\/seo\/ -->\n<title>E-book Nossa Senhora de Lourdes - Associa\u00e7\u00e3o Devotos de F\u00e1tima<\/title>\n<meta name=\"robots\" content=\"index, follow, max-snippet:-1, max-image-preview:large, max-video-preview:-1\" \/>\n<link rel=\"canonical\" href=\"https:\/\/www.adf.org.br\/home\/e-book-nossa-senhora-de-lourdes\/\" \/>\n<meta property=\"og:locale\" content=\"pt_BR\" \/>\n<meta property=\"og:type\" content=\"article\" \/>\n<meta property=\"og:title\" content=\"E-book Nossa Senhora de Lourdes - Associa\u00e7\u00e3o Devotos de F\u00e1tima\" \/>\n<meta property=\"og:description\" content=\"O Livro da Cura, por intercess\u00e3o de Nossa Senhora de Lourdes FA\u00c7A O DOWNLOAD AGORA A verdade \u00e9 que estamos expostos a in\u00fameros tipos de doen\u00e7as diariamente. Quando estamos doentes procuramos um especialista, mas nem sempre os diagn\u00f3sticos s\u00e3o precisos. Isso acontece porque n\u00e3o \u00e9 o corpo que est\u00e1 doente, mas a alma! Nossa Senhora [&hellip;]\" \/>\n<meta property=\"og:url\" content=\"https:\/\/www.adf.org.br\/home\/e-book-nossa-senhora-de-lourdes\/\" \/>\n<meta property=\"og:site_name\" content=\"Associa\u00e7\u00e3o Devotos de F\u00e1tima\" \/>\n<meta property=\"article:modified_time\" content=\"2022-01-31T16:25:49+00:00\" \/>\n<meta property=\"og:image\" content=\"https:\/\/www.adf.org.br\/home\/wp-content\/uploads\/2021\/02\/livro-01.png\" \/>\n<meta name=\"twitter:card\" content=\"summary_large_image\" \/>\n<meta name=\"twitter:label1\" content=\"Est. tempo de leitura\" \/>\n\t<meta name=\"twitter:data1\" content=\"3 minutos\" \/>\n<script type=\"application\/ld+json\" class=\"yoast-schema-graph\">{\"@context\":\"https:\/\/schema.org\",\"@graph\":[{\"@type\":\"WebSite\",\"@id\":\"https:\/\/www.adf.org.br\/home\/#website\",\"url\":\"https:\/\/www.adf.org.br\/home\/\",\"name\":\"Associa\\u00e7\\u00e3o Devotos de F\\u00e1tima\",\"description\":\"Associa\\u00e7\\u00e3o Devotos de F\\u00e1tima\",\"potentialAction\":[{\"@type\":\"SearchAction\",\"target\":{\"@type\":\"EntryPoint\",\"urlTemplate\":\"https:\/\/www.adf.org.br\/home\/?s={search_term_string}\"},\"query-input\":\"required name=search_term_string\"}],\"inLanguage\":\"pt-BR\"},{\"@type\":\"ImageObject\",\"@id\":\"https:\/\/www.adf.org.br\/home\/e-book-nossa-senhora-de-lourdes\/#primaryimage\",\"inLanguage\":\"pt-BR\",\"url\":\"https:\/\/www.adf.org.br\/home\/wp-content\/uploads\/2021\/02\/livro-01.png\",\"contentUrl\":\"https:\/\/www.adf.org.br\/home\/wp-content\/uploads\/2021\/02\/livro-01.png\",\"width\":209,\"height\":318},{\"@type\":\"WebPage\",\"@id\":\"https:\/\/www.adf.org.br\/home\/e-book-nossa-senhora-de-lourdes\/#webpage\",\"url\":\"https:\/\/www.adf.org.br\/home\/e-book-nossa-senhora-de-lourdes\/\",\"name\":\"E-book Nossa Senhora de Lourdes - Associa\\u00e7\\u00e3o Devotos de F\\u00e1tima\",\"isPartOf\":{\"@id\":\"https:\/\/www.adf.org.br\/home\/#website\"},\"primaryImageOfPage\":{\"@id\":\"https:\/\/www.adf.org.br\/home\/e-book-nossa-senhora-de-lourdes\/#primaryimage\"},\"datePublished\":\"2021-02-02T12:26:21+00:00\",\"dateModified\":\"2022-01-31T16:25:49+00:00\",\"breadcrumb\":{\"@id\":\"https:\/\/www.adf.org.br\/home\/e-book-nossa-senhora-de-lourdes\/#breadcrumb\"},\"inLanguage\":\"pt-BR\",\"potentialAction\":[{\"@type\":\"ReadAction\",\"target\":[\"https:\/\/www.adf.org.br\/home\/e-book-nossa-senhora-de-lourdes\/\"]}]},{\"@type\":\"BreadcrumbList\",\"@id\":\"https:\/\/www.adf.org.br\/home\/e-book-nossa-senhora-de-lourdes\/#breadcrumb\",\"itemListElement\":[{\"@type\":\"ListItem\",\"position\":1,\"name\":\"Home\",\"item\":\"https:\/\/www.adf.org.br\/home\/\"},{\"@type\":\"ListItem\",\"position\":2,\"name\":\"E-book Nossa Senhora de Lourdes\"}]}]}<\/script>\n<!-- \/ Yoast SEO plugin. -->","yoast_head_json":{"title":"E-book Nossa Senhora de Lourdes - Associa\u00e7\u00e3o Devotos de F\u00e1tima","robots":{"index":"index","follow":"follow","max-snippet":"max-snippet:-1","max-image-preview":"max-image-preview:large","max-video-preview":"max-video-preview:-1"},"canonical":"https:\/\/www.adf.org.br\/home\/e-book-nossa-senhora-de-lourdes\/","og_locale":"pt_BR","og_type":"article","og_title":"E-book Nossa Senhora de Lourdes - Associa\u00e7\u00e3o Devotos de F\u00e1tima","og_description":"O Livro da Cura, por intercess\u00e3o de Nossa Senhora de Lourdes FA\u00c7A O DOWNLOAD AGORA A verdade \u00e9 que estamos expostos a in\u00fameros tipos de doen\u00e7as diariamente. Quando estamos doentes procuramos um especialista, mas nem sempre os diagn\u00f3sticos s\u00e3o precisos. Isso acontece porque n\u00e3o \u00e9 o corpo que est\u00e1 doente, mas a alma! Nossa Senhora [&hellip;]","og_url":"https:\/\/www.adf.org.br\/home\/e-book-nossa-senhora-de-lourdes\/","og_site_name":"Associa\u00e7\u00e3o Devotos de F\u00e1tima","article_modified_time":"2022-01-31T16:25:49+00:00","og_image":[{"url":"https:\/\/www.adf.org.br\/home\/wp-content\/uploads\/2021\/02\/livro-01.png"}],"twitter_card":"summary_large_image","twitter_misc":{"Est. tempo de leitura":"3 minutos"},"schema":{"@context":"https:\/\/schema.org","@graph":[{"@type":"WebSite","@id":"https:\/\/www.adf.org.br\/home\/#website","url":"https:\/\/www.adf.org.br\/home\/","name":"Associa\u00e7\u00e3o Devotos de F\u00e1tima","description":"Associa\u00e7\u00e3o Devotos de F\u00e1tima","potentialAction":[{"@type":"SearchAction","target":{"@type":"EntryPoint","urlTemplate":"https:\/\/www.adf.org.br\/home\/?s={search_term_string}"},"query-input":"required name=search_term_string"}],"inLanguage":"pt-BR"},{"@type":"ImageObject","@id":"https:\/\/www.adf.org.br\/home\/e-book-nossa-senhora-de-lourdes\/#primaryimage","inLanguage":"pt-BR","url":"https:\/\/www.adf.org.br\/home\/wp-content\/uploads\/2021\/02\/livro-01.png","contentUrl":"https:\/\/www.adf.org.br\/home\/wp-content\/uploads\/2021\/02\/livro-01.png","width":209,"height":318},{"@type":"WebPage","@id":"https:\/\/www.adf.org.br\/home\/e-book-nossa-senhora-de-lourdes\/#webpage","url":"https:\/\/www.adf.org.br\/home\/e-book-nossa-senhora-de-lourdes\/","name":"E-book Nossa Senhora de Lourdes - Associa\u00e7\u00e3o Devotos de F\u00e1tima","isPartOf":{"@id":"https:\/\/www.adf.org.br\/home\/#website"},"primaryImageOfPage":{"@id":"https:\/\/www.adf.org.br\/home\/e-book-nossa-senhora-de-lourdes\/#primaryimage"},"datePublished":"2021-02-02T12:26:21+00:00","dateModified":"2022-01-31T16:25:49+00:00","breadcrumb":{"@id":"https:\/\/www.adf.org.br\/home\/e-book-nossa-senhora-de-lourdes\/#breadcrumb"},"inLanguage":"pt-BR","potentialAction":[{"@type":"ReadAction","target":["https:\/\/www.adf.org.br\/home\/e-book-nossa-senhora-de-lourdes\/"]}]},{"@type":"BreadcrumbList","@id":"https:\/\/www.adf.org.br\/home\/e-book-nossa-senhora-de-lourdes\/#breadcrumb","itemListElement":[{"@type":"ListItem","position":1,"name":"Home","item":"https:\/\/www.adf.org.br\/home\/"},{"@type":"ListItem","position":2,"name":"E-book Nossa Senhora de Lourdes"}]}]}},"_links":{"self":[{"href":"https:\/\/www.adf.org.br\/home\/wp-json\/wp\/v2\/pages\/63416"}],"collection":[{"href":"https:\/\/www.adf.org.br\/home\/wp-json\/wp\/v2\/pages"}],"about":[{"href":"https:\/\/www.adf.org.br\/home\/wp-json\/wp\/v2\/types\/page"}],"author":[{"embeddable":true,"href":"https:\/\/www.adf.org.br\/home\/wp-json\/wp\/v2\/users\/9"}],"replies":[{"embeddable":true,"href":"https:\/\/www.adf.org.br\/home\/wp-json\/wp\/v2\/comments?post=63416"}],"version-history":[{"count":40,"href":"https:\/\/www.adf.org.br\/home\/wp-json\/wp\/v2\/pages\/63416\/revisions"}],"predecessor-version":[{"id":67143,"href":"https:\/\/www.adf.org.br\/home\/wp-json\/wp\/v2\/pages\/63416\/revisions\/67143"}],"wp:attachment":[{"href":"https:\/\/www.adf.org.br\/home\/wp-json\/wp\/v2\/media?parent=63416"}],"curies":[{"name":"wp","href":"https:\/\/api.w.org\/{rel}","templated":true}]}}