{"id":142,"date":"2020-03-19T16:01:08","date_gmt":"2020-03-19T19:01:08","guid":{"rendered":"http:\/\/adf.org.br\/home\/?page_id=142"},"modified":"2025-04-10T10:56:28","modified_gmt":"2025-04-10T13:56:28","slug":"contato","status":"publish","type":"page","link":"https:\/\/www.adf.org.br\/home\/contato\/","title":{"rendered":"Contato"},"content":{"rendered":"\t\t<div data-elementor-type=\"wp-page\" data-elementor-id=\"142\" class=\"elementor elementor-142\" data-elementor-settings=\"[]\">\n\t\t\t\t\t\t<div class=\"elementor-inner\">\n\t\t\t\t\t\t\t<div class=\"elementor-section-wrap\">\n\t\t\t\t\t\t\t<section class=\"elementor-section elementor-top-section elementor-element elementor-element-785afb9 elementor-section-boxed elementor-section-height-default elementor-section-height-default\" data-id=\"785afb9\" data-element_type=\"section\" data-settings=\"{&quot;background_background&quot;:&quot;classic&quot;}\">\n\t\t\t\t\t\t<div class=\"elementor-container elementor-column-gap-default\">\n\t\t\t\t\t\t\t<div class=\"elementor-row\">\n\t\t\t\t\t<div class=\"elementor-column elementor-col-100 elementor-top-column elementor-element elementor-element-68306fd\" data-id=\"68306fd\" data-element_type=\"column\" data-settings=\"{&quot;background_background&quot;:&quot;classic&quot;}\">\n\t\t\t<div class=\"elementor-column-wrap elementor-element-populated\">\n\t\t\t\t\t\t\t<div class=\"elementor-widget-wrap\">\n\t\t\t\t\t\t\t\t<\/div>\n\t\t\t\t\t<\/div>\n\t\t<\/div>\n\t\t\t\t\t\t\t\t<\/div>\n\t\t\t\t\t<\/div>\n\t\t<\/section>\n\t\t\t\t<section class=\"elementor-section elementor-top-section elementor-element elementor-element-2f99617 elementor-section-boxed elementor-section-height-default elementor-section-height-default\" data-id=\"2f99617\" data-element_type=\"section\">\n\t\t\t\t\t\t<div class=\"elementor-container elementor-column-gap-default\">\n\t\t\t\t\t\t\t<div class=\"elementor-row\">\n\t\t\t\t\t<div class=\"elementor-column elementor-col-33 elementor-top-column elementor-element elementor-element-226859e\" data-id=\"226859e\" data-element_type=\"column\">\n\t\t\t<div class=\"elementor-column-wrap elementor-element-populated\">\n\t\t\t\t\t\t\t<div class=\"elementor-widget-wrap\">\n\t\t\t\t\t\t<div class=\"elementor-element elementor-element-834826d elementor-widget elementor-widget-heading\" data-id=\"834826d\" data-element_type=\"widget\" data-widget_type=\"heading.default\">\n\t\t\t\t<div class=\"elementor-widget-container\">\n\t\t\t<h2 class=\"elementor-heading-title elementor-size-default\">Fale com a Associa\u00e7\u00e3o Devotos de F\u00e1tima.<\/h2>\t\t<\/div>\n\t\t\t\t<\/div>\n\t\t\t\t<div class=\"elementor-element elementor-element-9ff20c7 elementor-widget elementor-widget-text-editor\" data-id=\"9ff20c7\" data-element_type=\"widget\" data-widget_type=\"text-editor.default\">\n\t\t\t\t<div class=\"elementor-widget-container\">\n\t\t\t\t\t<div class=\"elementor-text-editor elementor-clearfix\"><p>Basta preencher o formul\u00e1rio abaixo, e clicar em \u201cEnviar\u201d.<\/p><\/div>\n\t\t\t\t<\/div>\n\t\t\t\t<\/div>\n\t\t\t\t<div class=\"elementor-element elementor-element-2f17622 elementor-button-align-stretch elementor-widget elementor-widget-form\" data-id=\"2f17622\" data-element_type=\"widget\" data-settings=\"{&quot;step_next_label&quot;:&quot;Next&quot;,&quot;step_previous_label&quot;:&quot;Previous&quot;,&quot;button_width&quot;:&quot;100&quot;,&quot;step_type&quot;:&quot;number_text&quot;,&quot;step_icon_shape&quot;:&quot;circle&quot;}\" data-widget_type=\"form.default\">\n\t\t\t\t<div class=\"elementor-widget-container\">\n\t\t\t\t\t<form class=\"elementor-form\" method=\"post\" name=\"New Form\">\n\t\t\t<input type=\"hidden\" name=\"post_id\" value=\"142\"\/>\n\t\t\t<input type=\"hidden\" name=\"form_id\" value=\"2f17622\"\/>\n\n\t\t\t\n\t\t\t<div class=\"elementor-form-fields-wrapper elementor-labels-above\">\n\t\t\t\t\t\t\t\t<div class=\"elementor-field-type-text elementor-field-group elementor-column elementor-field-group-name elementor-col-100\">\n\t\t\t\t\t<input size=\"1\" type=\"text\" name=\"form_fields[name]\" id=\"form-field-name\" class=\"elementor-field elementor-size-sm  elementor-field-textual\" placeholder=\"Name\">\t\t\t\t<\/div>\n\t\t\t\t\t\t\t\t<div class=\"elementor-field-type-email elementor-field-group elementor-column elementor-field-group-email elementor-col-100 elementor-field-required\">\n\t\t\t\t\t<input size=\"1\" type=\"email\" name=\"form_fields[email]\" id=\"form-field-email\" class=\"elementor-field elementor-size-sm  elementor-field-textual\" placeholder=\"Email\" required=\"required\" aria-required=\"true\">\t\t\t\t<\/div>\n\t\t\t\t\t\t\t\t<div class=\"elementor-field-type-textarea elementor-field-group elementor-column elementor-field-group-message elementor-col-100\">\n\t\t\t\t\t<textarea class=\"elementor-field-textual elementor-field  elementor-size-sm\" name=\"form_fields[message]\" id=\"form-field-message\" rows=\"4\" placeholder=\"Message\"><\/textarea>\t\t\t\t<\/div>\n\t\t\t\t\t\t\t\t<div class=\"elementor-field-type-recaptcha elementor-field-group elementor-column elementor-field-group-field_e2bd0cd elementor-col-100\">\n\t\t\t\t\t<div class=\"elementor-field\" id=\"form-field-field_e2bd0cd\"><div class=\"elementor-g-recaptcha\" data-sitekey=\"6Ley3zwUAAAAAOz0OheRg33h4l_hlFESQUY33V70\" data-type=\"v2_checkbox\" data-theme=\"light\" data-size=\"normal\"><\/div><\/div>\t\t\t\t<\/div>\n\t\t\t\t\t\t\t\t<div class=\"elementor-field-group elementor-column elementor-field-type-submit elementor-col-100 e-form__buttons\">\n\t\t\t\t\t<button type=\"submit\" class=\"elementor-button elementor-size-sm\">\n\t\t\t\t\t\t<span >\n\t\t\t\t\t\t\t\t\t\t\t\t\t\t\t<span class=\" elementor-button-icon\">\n\t\t\t\t\t\t\t\t\t\t\t\t\t\t\t\t\t\t\t\t\t\t\t\t\t\t<\/span>\n\t\t\t\t\t\t\t\t\t\t\t\t\t\t\t\t\t\t\t\t\t\t<span class=\"elementor-button-text\">Enviar<\/span>\n\t\t\t\t\t\t\t\t\t\t\t\t\t<\/span>\n\t\t\t\t\t<\/button>\n\t\t\t\t<\/div>\n\t\t\t<\/div>\n\t\t<\/form>\n\t\t\t\t<\/div>\n\t\t\t\t<\/div>\n\t\t\t\t\t\t<\/div>\n\t\t\t\t\t<\/div>\n\t\t<\/div>\n\t\t\t\t<div class=\"elementor-column elementor-col-33 elementor-top-column elementor-element elementor-element-7c139fa\" data-id=\"7c139fa\" data-element_type=\"column\">\n\t\t\t<div class=\"elementor-column-wrap\">\n\t\t\t\t\t\t\t<div class=\"elementor-widget-wrap\">\n\t\t\t\t\t\t\t\t<\/div>\n\t\t\t\t\t<\/div>\n\t\t<\/div>\n\t\t\t\t<div class=\"elementor-column elementor-col-33 elementor-top-column elementor-element elementor-element-0ab3870\" data-id=\"0ab3870\" data-element_type=\"column\">\n\t\t\t<div class=\"elementor-column-wrap elementor-element-populated\">\n\t\t\t\t\t\t\t<div class=\"elementor-widget-wrap\">\n\t\t\t\t\t\t<div class=\"elementor-element elementor-element-2dfb8d2 elementor-widget elementor-widget-text-editor\" data-id=\"2dfb8d2\" data-element_type=\"widget\" data-widget_type=\"text-editor.default\">\n\t\t\t\t<div class=\"elementor-widget-container\">\n\t\t\t\t\t<div class=\"elementor-text-editor elementor-clearfix\"><p><strong>Endere\u00e7o: <\/strong><\/p><p>Rua Bar\u00e3o de Pirapama, 165, Jardim Leonor, S\u00e3o Paulo, SP, 05614-070<\/p><p><strong>Se preferir, entre em contato atrav\u00e9s do telefone da Associa\u00e7\u00e3o:\u00a0<\/strong><\/p><p><strong><a href=\"tel:08006082128\" target=\"_blank\" rel=\"noopener\">0800 608 2128\u00a0 \u00a0\/ \u00a0<\/a><\/strong><strong><a href=\"tel:1143682253\" target=\"_blank\" rel=\"noopener\">(11)\u00a0<span class=\"il\">4368<\/span>\u00a0<span class=\"il\">2253<\/span><\/a><\/strong><\/p><p><strong>Ou pelo nosso WHATSAPP:\u00a0<a href=\"https:\/\/api.whatsapp.com\/send?phone=5511967231000\" target=\"_blank\" rel=\"noopener\">(11) 96723 1000.<\/a><\/strong><\/p><p><strong>E-mail:<\/strong>\u00a0<strong><a href=\"mailto:atendimento@adf.org.br\" target=\"_blank\" rel=\"noopener\">atendimento@adf.org.br<\/a><\/strong><\/p><p><b>Hor\u00e1rio de Atendimento<\/b><span style=\"font-weight: 400;\">: De segunda a sexta-feira, das 08h \u00e0s 18h.\u201d<\/span><\/p><\/div>\n\t\t\t\t<\/div>\n\t\t\t\t<\/div>\n\t\t\t\t\t\t<\/div>\n\t\t\t\t\t<\/div>\n\t\t<\/div>\n\t\t\t\t\t\t\t\t<\/div>\n\t\t\t\t\t<\/div>\n\t\t<\/section>\n\t\t\t\t<section class=\"elementor-section elementor-top-section elementor-element elementor-element-0c889e5 elementor-section-full_width elementor-section-height-default elementor-section-height-default\" data-id=\"0c889e5\" data-element_type=\"section\">\n\t\t\t\t\t\t<div class=\"elementor-container elementor-column-gap-default\">\n\t\t\t\t\t\t\t<div class=\"elementor-row\">\n\t\t\t\t\t<div class=\"elementor-column elementor-col-100 elementor-top-column elementor-element elementor-element-74ab18a\" data-id=\"74ab18a\" data-element_type=\"column\">\n\t\t\t<div class=\"elementor-column-wrap elementor-element-populated\">\n\t\t\t\t\t\t\t<div class=\"elementor-widget-wrap\">\n\t\t\t\t\t\t<div class=\"elementor-element elementor-element-ca98796 elementor-widget elementor-widget-google_maps\" data-id=\"ca98796\" data-element_type=\"widget\" data-widget_type=\"google_maps.default\">\n\t\t\t\t<div class=\"elementor-widget-container\">\n\t\t\t<div class=\"elementor-custom-embed\"><iframe frameborder=\"0\" scrolling=\"no\" marginheight=\"0\" marginwidth=\"0\" src=\"https:\/\/maps.google.com\/maps?q=Rua%20Bar%C3%A3o%20de%20Pirapama%2C%20165%2C%20Jardim%20Leonor%2C%20S%C3%A3o%20Paulo%2C%20SP%2C%2005614-070&amp;t=m&amp;z=10&amp;output=embed&amp;iwloc=near\" title=\"Rua Bar\u00e3o de Pirapama, 165, Jardim Leonor, S\u00e3o Paulo, SP, 05614-070\" aria-label=\"Rua Bar\u00e3o de Pirapama, 165, Jardim Leonor, S\u00e3o Paulo, SP, 05614-070\"><\/iframe><\/div>\t\t<\/div>\n\t\t\t\t<\/div>\n\t\t\t\t\t\t<\/div>\n\t\t\t\t\t<\/div>\n\t\t<\/div>\n\t\t\t\t\t\t\t\t<\/div>\n\t\t\t\t\t<\/div>\n\t\t<\/section>\n\t\t\t\t\t\t<\/div>\n\t\t\t\t\t\t<\/div>\n\t\t\t\t\t<\/div>\n\t\t","protected":false},"excerpt":{"rendered":"<p>Fale com a Associa\u00e7\u00e3o Devotos de F\u00e1tima. Basta preencher o formul\u00e1rio abaixo, e clicar em \u201cEnviar\u201d. Endere\u00e7o: Rua Bar\u00e3o de Pirapama, 165, Jardim Leonor, S\u00e3o Paulo, SP, 05614-070 Se preferir, entre em contato atrav\u00e9s do telefone da Associa\u00e7\u00e3o:\u00a0 0800 608 2128\u00a0 \u00a0\/ \u00a0(11)\u00a04368\u00a02253 Ou pelo nosso WHATSAPP:\u00a0(11) 96723 1000. E-mail:\u00a0atendimento@adf.org.br Hor\u00e1rio de Atendimento: De segunda [&hellip;]<\/p>\n","protected":false},"author":9,"featured_media":0,"parent":0,"menu_order":0,"comment_status":"closed","ping_status":"closed","template":"elementor_header_footer","meta":[],"yoast_head":"<!-- This site is optimized with the Yoast SEO plugin v17.4 - https:\/\/yoast.com\/wordpress\/plugins\/seo\/ -->\n<title>Contato - Associa\u00e7\u00e3o Devotos de F\u00e1tima<\/title>\n<meta name=\"robots\" content=\"index, follow, max-snippet:-1, max-image-preview:large, max-video-preview:-1\" \/>\n<link rel=\"canonical\" href=\"https:\/\/www.adf.org.br\/home\/contato\/\" \/>\n<meta property=\"og:locale\" content=\"pt_BR\" \/>\n<meta property=\"og:type\" content=\"article\" \/>\n<meta property=\"og:title\" content=\"Contato - Associa\u00e7\u00e3o Devotos de F\u00e1tima\" \/>\n<meta property=\"og:description\" content=\"Fale com a Associa\u00e7\u00e3o Devotos de F\u00e1tima. Basta preencher o formul\u00e1rio abaixo, e clicar em \u201cEnviar\u201d. Endere\u00e7o: Rua Bar\u00e3o de Pirapama, 165, Jardim Leonor, S\u00e3o Paulo, SP, 05614-070 Se preferir, entre em contato atrav\u00e9s do telefone da Associa\u00e7\u00e3o:\u00a0 0800 608 2128\u00a0 \u00a0\/ \u00a0(11)\u00a04368\u00a02253 Ou pelo nosso WHATSAPP:\u00a0(11) 96723 1000. E-mail:\u00a0atendimento@adf.org.br Hor\u00e1rio de Atendimento: De segunda [&hellip;]\" \/>\n<meta property=\"og:url\" content=\"https:\/\/www.adf.org.br\/home\/contato\/\" \/>\n<meta property=\"og:site_name\" content=\"Associa\u00e7\u00e3o Devotos de F\u00e1tima\" \/>\n<meta property=\"article:modified_time\" content=\"2025-04-10T13:56:28+00:00\" \/>\n<meta name=\"twitter:card\" content=\"summary_large_image\" \/>\n<meta name=\"twitter:label1\" content=\"Est. tempo de leitura\" \/>\n\t<meta name=\"twitter:data1\" content=\"1 minuto\" \/>\n<script type=\"application\/ld+json\" class=\"yoast-schema-graph\">{\"@context\":\"https:\/\/schema.org\",\"@graph\":[{\"@type\":\"WebSite\",\"@id\":\"https:\/\/www.adf.org.br\/home\/#website\",\"url\":\"https:\/\/www.adf.org.br\/home\/\",\"name\":\"Associa\\u00e7\\u00e3o Devotos de F\\u00e1tima\",\"description\":\"Associa\\u00e7\\u00e3o Devotos de F\\u00e1tima\",\"potentialAction\":[{\"@type\":\"SearchAction\",\"target\":{\"@type\":\"EntryPoint\",\"urlTemplate\":\"https:\/\/www.adf.org.br\/home\/?s={search_term_string}\"},\"query-input\":\"required name=search_term_string\"}],\"inLanguage\":\"pt-BR\"},{\"@type\":\"WebPage\",\"@id\":\"https:\/\/www.adf.org.br\/home\/contato\/#webpage\",\"url\":\"https:\/\/www.adf.org.br\/home\/contato\/\",\"name\":\"Contato - Associa\\u00e7\\u00e3o Devotos de F\\u00e1tima\",\"isPartOf\":{\"@id\":\"https:\/\/www.adf.org.br\/home\/#website\"},\"datePublished\":\"2020-03-19T19:01:08+00:00\",\"dateModified\":\"2025-04-10T13:56:28+00:00\",\"breadcrumb\":{\"@id\":\"https:\/\/www.adf.org.br\/home\/contato\/#breadcrumb\"},\"inLanguage\":\"pt-BR\",\"potentialAction\":[{\"@type\":\"ReadAction\",\"target\":[\"https:\/\/www.adf.org.br\/home\/contato\/\"]}]},{\"@type\":\"BreadcrumbList\",\"@id\":\"https:\/\/www.adf.org.br\/home\/contato\/#breadcrumb\",\"itemListElement\":[{\"@type\":\"ListItem\",\"position\":1,\"name\":\"Home\",\"item\":\"https:\/\/www.adf.org.br\/home\/\"},{\"@type\":\"ListItem\",\"position\":2,\"name\":\"Contato\"}]}]}<\/script>\n<!-- \/ Yoast SEO plugin. -->","yoast_head_json":{"title":"Contato - Associa\u00e7\u00e3o Devotos de F\u00e1tima","robots":{"index":"index","follow":"follow","max-snippet":"max-snippet:-1","max-image-preview":"max-image-preview:large","max-video-preview":"max-video-preview:-1"},"canonical":"https:\/\/www.adf.org.br\/home\/contato\/","og_locale":"pt_BR","og_type":"article","og_title":"Contato - Associa\u00e7\u00e3o Devotos de F\u00e1tima","og_description":"Fale com a Associa\u00e7\u00e3o Devotos de F\u00e1tima. Basta preencher o formul\u00e1rio abaixo, e clicar em \u201cEnviar\u201d. Endere\u00e7o: Rua Bar\u00e3o de Pirapama, 165, Jardim Leonor, S\u00e3o Paulo, SP, 05614-070 Se preferir, entre em contato atrav\u00e9s do telefone da Associa\u00e7\u00e3o:\u00a0 0800 608 2128\u00a0 \u00a0\/ \u00a0(11)\u00a04368\u00a02253 Ou pelo nosso WHATSAPP:\u00a0(11) 96723 1000. E-mail:\u00a0atendimento@adf.org.br Hor\u00e1rio de Atendimento: De segunda [&hellip;]","og_url":"https:\/\/www.adf.org.br\/home\/contato\/","og_site_name":"Associa\u00e7\u00e3o Devotos de F\u00e1tima","article_modified_time":"2025-04-10T13:56:28+00:00","twitter_card":"summary_large_image","twitter_misc":{"Est. tempo de leitura":"1 minuto"},"schema":{"@context":"https:\/\/schema.org","@graph":[{"@type":"WebSite","@id":"https:\/\/www.adf.org.br\/home\/#website","url":"https:\/\/www.adf.org.br\/home\/","name":"Associa\u00e7\u00e3o Devotos de F\u00e1tima","description":"Associa\u00e7\u00e3o Devotos de F\u00e1tima","potentialAction":[{"@type":"SearchAction","target":{"@type":"EntryPoint","urlTemplate":"https:\/\/www.adf.org.br\/home\/?s={search_term_string}"},"query-input":"required name=search_term_string"}],"inLanguage":"pt-BR"},{"@type":"WebPage","@id":"https:\/\/www.adf.org.br\/home\/contato\/#webpage","url":"https:\/\/www.adf.org.br\/home\/contato\/","name":"Contato - Associa\u00e7\u00e3o Devotos de F\u00e1tima","isPartOf":{"@id":"https:\/\/www.adf.org.br\/home\/#website"},"datePublished":"2020-03-19T19:01:08+00:00","dateModified":"2025-04-10T13:56:28+00:00","breadcrumb":{"@id":"https:\/\/www.adf.org.br\/home\/contato\/#breadcrumb"},"inLanguage":"pt-BR","potentialAction":[{"@type":"ReadAction","target":["https:\/\/www.adf.org.br\/home\/contato\/"]}]},{"@type":"BreadcrumbList","@id":"https:\/\/www.adf.org.br\/home\/contato\/#breadcrumb","itemListElement":[{"@type":"ListItem","position":1,"name":"Home","item":"https:\/\/www.adf.org.br\/home\/"},{"@type":"ListItem","position":2,"name":"Contato"}]}]}},"_links":{"self":[{"href":"https:\/\/www.adf.org.br\/home\/wp-json\/wp\/v2\/pages\/142"}],"collection":[{"href":"https:\/\/www.adf.org.br\/home\/wp-json\/wp\/v2\/pages"}],"about":[{"href":"https:\/\/www.adf.org.br\/home\/wp-json\/wp\/v2\/types\/page"}],"author":[{"embeddable":true,"href":"https:\/\/www.adf.org.br\/home\/wp-json\/wp\/v2\/users\/9"}],"replies":[{"embeddable":true,"href":"https:\/\/www.adf.org.br\/home\/wp-json\/wp\/v2\/comments?post=142"}],"version-history":[{"count":20,"href":"https:\/\/www.adf.org.br\/home\/wp-json\/wp\/v2\/pages\/142\/revisions"}],"predecessor-version":[{"id":79562,"href":"https:\/\/www.adf.org.br\/home\/wp-json\/wp\/v2\/pages\/142\/revisions\/79562"}],"wp:attachment":[{"href":"https:\/\/www.adf.org.br\/home\/wp-json\/wp\/v2\/media?parent=142"}],"curies":[{"name":"wp","href":"https:\/\/api.w.org\/{rel}","templated":true}]}}